{"id":1014,"date":"2019-10-28T11:06:53","date_gmt":"2019-10-28T10:06:53","guid":{"rendered":"https:\/\/vetglobalsolution.com\/?page_id=1014"},"modified":"2019-10-28T11:06:53","modified_gmt":"2019-10-28T10:06:53","slug":"politica-privacidad","status":"publish","type":"page","link":"https:\/\/vetglobalsolution.com\/es\/politica-privacidad\/","title":{"rendered":"Pol\u00edtica Privacidad"},"content":{"rendered":"<div class=\"wpb-content-wrapper\"><p>[vc_row css_animation=\u00bb\u00bb row_type=\u00bbrow\u00bb use_row_as_full_screen_section=\u00bbno\u00bb type=\u00bbfull_width\u00bb angled_section=\u00bbno\u00bb text_align=\u00bbleft\u00bb background_image_as_pattern=\u00bbwithout_pattern\u00bb][vc_column][vc_column_text]<\/p>\n<p class=\"p1\"><span class=\"s1\"><b>POLITICA DE PRIVACIDAD<\/b><\/span><\/p>\n<p>&nbsp;<\/p>\n<p class=\"p2\"><span class=\"s1\">En cumplimiento de lo establecido en la\u00a0<b>Ley Org\u00e1nica 3\/2018<\/b>\u00a0de Protecci\u00f3n de Datos Personales y Garant\u00eda de los Derechos Digitales y el\u00a0<b>Reglamento Europeo RGPD 679\/2016<\/b>\u00a0de Protecci\u00f3n de Datos de Car\u00e1cter Personal le comunicamos que los datos que usted nos ha facilitado de manera expresa para la elaboraci\u00f3n de las propuestas ser\u00e1n incorporados en nuestros ficheros de gesti\u00f3n comercial y de clientes del que disponemos de un Registro de Actividades de Tratamiento.<\/span><\/p>\n<p class=\"p2\"><span class=\"s1\">La\u00a0<b>finalidad\u00a0<\/b>de los mismos es la de poderle prestar los servicios que se exponen en este documento, as\u00ed como para mantenerle informado sobre cuestiones relativas a la actividad de nuestra entidad y el mantenimiento de la relaci\u00f3n contractual que en su caso se establezca a trav\u00e9s de las condiciones de esta propuesta.<\/span><\/p>\n<p class=\"p2\"><span class=\"s1\">Adem\u00e1s, podremos utilizar los datos facilitados por usted, para mantenerle\u00a0<b>informado<\/b>\u00a0de novedades comerciales y de distintas ofertas promocionales, v\u00eda correo electr\u00f3nico, lo que se comunica en virtud de lo establecido en la LOPDGDD y en la Ley 34\/2002, de 11 de julio, de Servicios de la Sociedad de la Informaci\u00f3n y de Comercio Electr\u00f3nico.<\/span><\/p>\n<p class=\"p2\"><span class=\"s1\">Los datos proporcionados a nuestra entidad ser\u00e1n\u00a0<b>conservados\u00a0<\/b>durante el tiempo que se refleje en los contratos que nos vinculen y con posterioridad, en los plazos obligados por las leyes tributarias, fiscales y de seguridad social.<\/span><\/p>\n<p class=\"p3\"><span class=\"s1\">Asimismo, le informamos de la posibilidad que tiene de\u00a0<b>ejercer los derechos<\/b>\u00a0de acceso, rectificaci\u00f3n, supresi\u00f3n, limitaci\u00f3n de tratamiento y portabilidad de sus datos de car\u00e1cter personal mediante correo electr\u00f3nico a la direcci\u00f3n admin@vetglobalsolution.com<\/span><\/p>\n<p>&nbsp;<\/p>\n<p class=\"p4\"><span class=\"s1\"><b>CONFIDENCIALIDAD DE LA INFORMACI\u00d3N OBTENIDA EN ESTA WEB<\/b><\/span><\/p>\n<p>&nbsp;<\/p>\n<p class=\"p3\"><span class=\"s1\">VET GLOBAL SOLUTIONS y su red de colaboradores se comprometen a no divulgar ni hacer uso de la informaci\u00f3n a la que hayan accedido por raz\u00f3n de su profesi\u00f3n.\u00a0La informaci\u00f3n suministrada por el cliente\/usuario tendr\u00e1, en todo caso, la consideraci\u00f3n de confidencial, sin que pueda ser utilizada para otros fines que los relacionados con los servicios contratados a VET GLOBAL SOLUTIONS.<\/span><\/p>\n<p>&nbsp;<\/p>\n<p class=\"p4\"><span class=\"s1\"><b>COMUNICACIONES DE DATOS A TERCEROS<\/b><\/span><\/p>\n<p>&nbsp;<\/p>\n<p class=\"p3\"><span class=\"s1\">Para poder satisfacer su petici\u00f3n, o solicitud de informaci\u00f3n, puede ser necesario que sus Datos sean comunicados por VET GLOBAL SOLUTIONS a los restantes colaboradores necesarios para el correcto desarrollo de los diferentes servicios. La cesi\u00f3n de datos, siempre ser\u00e1 pertinente y no excesiva y se velar\u00e1 por el cumplimiento legislativo en materia de protecci\u00f3n de datos durante todo el proceso.\u00a0<\/span><\/p>\n<p>&nbsp;<\/p>\n<p class=\"p4\"><span class=\"s1\"><b>DATOS DE MENORES<\/b><\/span><\/p>\n<p>&nbsp;<\/p>\n<p class=\"p3\"><span class=\"s1\">VET GLOBAL SOLUTIONS nunca recabar\u00e1 datos de menores por esta v\u00eda siendo obligatorio el contacto por parte del tutor legal correspondiente en el caso en que as\u00ed se requiera. VET GLOBAL SOLUTIONS se exime de cualquier responsabilidad por el incumplimiento de este requisito, as\u00ed como de cualquier aportaci\u00f3n de datos fraudulenta.<\/span><\/p>\n<p>&nbsp;<\/p>\n<p class=\"p4\"><span class=\"s1\"><b>NAVEGACI\u00d3N<\/b><\/span><\/p>\n<p>&nbsp;<\/p>\n<p class=\"p3\"><span class=\"s1\">Al navegar por nuestras p\u00e1ginas webs los servidores de Internet almacenar\u00e1n su direcci\u00f3n IP en los logs de acceso de forma autom\u00e1tica y con la \u00fanica finalidad de permitir el tr\u00e1nsito por Internet, siendo necesario que su equipo facilite esta direcci\u00f3n IP cuando navega por Internet para que las comunicaciones puedan realizarse. Su direcci\u00f3n IP ser\u00e1 utilizada para realizar estad\u00edsticas sobre el n\u00famero de visitantes de esta web y su procedencia, de forma totalmente transparente a su navegaci\u00f3n (<a href=\"\/politica-cookies\/\"><span class=\"s2\">Pol\u00edtica de Cookies<\/span><\/a>).<\/span><span class=\"s3\">\u00a0<\/span><\/p>\n<p>&nbsp;<\/p>\n<p class=\"p4\"><span class=\"s1\"><b>PROPIEDAD INTELECTUAL Y\/O INDUSTRIAL<\/b><\/span><\/p>\n<p>&nbsp;<\/p>\n<p class=\"p3\"><span class=\"s1\">La totalidad de este website, es decir, los elementos que lo componen (textos, im\u00e1genes, marcas, logotipos, archivos de audio, archivos de software, combinaciones de colores), as\u00ed como la estructura, selecci\u00f3n y orden de sus contenidos, se encuentran protegidos por la normativa de Propiedad Intelectual e Industrial, no pudiendo ser objeto de explotaci\u00f3n, reproducci\u00f3n, distribuci\u00f3n, modificaci\u00f3n, comunicaci\u00f3n p\u00fablica, cesi\u00f3n o transformaci\u00f3n o cualquier otra forma de difusi\u00f3n no autorizada expresamente. VET GLOBAL SOLUTIONS\u00a0se reserva la posibilidad de ejercer las acciones legales que correspondan contra los usuarios que violen o infrinjan los derechos de propiedad intelectual y\/o industrial<\/span><\/p>\n<p>&nbsp;<\/p>\n<p class=\"p4\"><span class=\"s1\"><b>EXACTITUD Y VERACIDAD DE LOS DATOS<\/b><\/span><\/p>\n<p>&nbsp;<\/p>\n<p class=\"p3\"><span class=\"s1\">El usuario es el \u00fanico responsable de la veracidad y correcci\u00f3n de los datos que remita a VET GLOBAL SOLUTIONS exonerando al Prestador de cualquier responsabilidad al respecto. Los usuarios garantizan y responden, en cualquier caso, de la exactitud, vigencia y autenticidad de los datos personales facilitados, y se comprometen a mantenerlos debidamente actualizados. El usuario acepta proporcionar informaci\u00f3n completa y correcta en el formulario de registro o suscripci\u00f3n.<\/span><\/p>\n<p class=\"p3\"><span class=\"s1\">VET GLOBAL SOLUTIONS no responde de la veracidad de las informaciones que no sean de elaboraci\u00f3n propia y de las que se indique otra fuente, por lo que tampoco asume responsabilidad alguna en cuanto a hipot\u00e9ticos perjuicios que pudieran originarse por el uso de dicha informaci\u00f3n.<\/span><\/p>\n<p>&nbsp;<\/p>\n<p class=\"p4\"><span class=\"s1\"><b>EJERCICIO DE LOS DERECHOS DE ACCESO, RECTIFICACI\u00d3N, CANCELACI\u00d3N Y OPOSICI\u00d3N<\/b><\/span><\/p>\n<p>&nbsp;<\/p>\n<p class=\"p3\"><span class=\"s1\">Podr\u00e1 dirigir sus comunicaciones y ejercitar los derechos de acceso, rectificaci\u00f3n, cancelaci\u00f3n y oposici\u00f3n a trav\u00e9s de correo postal en <\/span><span class=\"s1\">Calle Maestra \u00c1ngeles Azpiazu 14, local 1c, C.P. 29640, Fuengirola (M\u00e1laga) <\/span><span class=\"s1\">o bien enviando su petici\u00f3n a la direcci\u00f3n de correo electr\u00f3nico: admin@vetglobalsolution.com<\/span><\/p>\n<p>&nbsp;<\/p>\n<p class=\"p4\"><span class=\"s1\"><b>ACEPTACI\u00d3N Y CONSENTIMIENTO<\/b><\/span><\/p>\n<p>&nbsp;<\/p>\n<p class=\"p3\"><span class=\"s1\">El Usuario declara haber sido informado de las condiciones sobre protecci\u00f3n de datos de car\u00e1cter personal, aceptando y consintiendo el tratamiento de los mismos por parte de VET GLOBAL SOLUTIONS en la forma y para las finalidades indicadas en la presente Pol\u00edtica de Protecci\u00f3n de Datos Personales.<\/span><\/p>\n<p>&nbsp;<\/p>\n<p class=\"p4\"><span class=\"s1\"><b>POL\u00cdTICA DE COOKIES<\/b><\/span><\/p>\n<p>&nbsp;<\/p>\n<p class=\"p6\"><span class=\"s4\">L\u00e9ase el\u00a0<a href=\"\/politica-cookies\/\"><span class=\"s2\">espacio habilitado para esta informaci\u00f3n<\/span><\/a>.<\/span>\u00a0<\/p>\n<p>[\/vc_column_text][\/vc_column][\/vc_row]<\/p>\n<\/div>","protected":false},"excerpt":{"rendered":"<p>[vc_row css_animation=\u00bb\u00bb row_type=\u00bbrow\u00bb use_row_as_full_screen_section=\u00bbno\u00bb type=\u00bbfull_width\u00bb angled_section=\u00bbno\u00bb text_align=\u00bbleft\u00bb background_image_as_pattern=\u00bbwithout_pattern\u00bb][vc_column][vc_column_text] POLITICA DE PRIVACIDAD &nbsp; En cumplimiento de lo establecido en la\u00a0Ley Org\u00e1nica 3\/2018\u00a0de Protecci\u00f3n de Datos Personales y Garant\u00eda de los Derechos&#8230;<\/p>\n","protected":false},"author":1,"featured_media":0,"parent":0,"menu_order":0,"comment_status":"closed","ping_status":"open","template":"","meta":{"footnotes":""},"class_list":["post-1014","page","type-page","status-publish","hentry"],"yoast_head":"<!-- This site is optimized with the Yoast SEO plugin v27.4 - https:\/\/yoast.com\/product\/yoast-seo-wordpress\/ -->\n<title>Pol\u00edtica Privacidad - Vet Global<\/title>\n<meta name=\"robots\" content=\"index, follow, max-snippet:-1, max-image-preview:large, max-video-preview:-1\" \/>\n<link rel=\"canonical\" href=\"https:\/\/vetglobalsolution.com\/es\/politica-privacidad\/\" \/>\n<meta property=\"og:locale\" content=\"es_ES\" \/>\n<meta property=\"og:type\" content=\"article\" \/>\n<meta property=\"og:title\" content=\"Pol\u00edtica Privacidad - Vet Global\" \/>\n<meta property=\"og:description\" content=\"[vc_row css_animation=\u00bb\u00bb row_type=\u00bbrow\u00bb use_row_as_full_screen_section=\u00bbno\u00bb type=\u00bbfull_width\u00bb angled_section=\u00bbno\u00bb text_align=\u00bbleft\u00bb background_image_as_pattern=\u00bbwithout_pattern\u00bb][vc_column][vc_column_text] POLITICA DE PRIVACIDAD &nbsp; En cumplimiento de lo establecido en la\u00a0Ley Org\u00e1nica 3\/2018\u00a0de Protecci\u00f3n de Datos Personales y Garant\u00eda de los Derechos...\" \/>\n<meta property=\"og:url\" content=\"https:\/\/vetglobalsolution.com\/es\/politica-privacidad\/\" \/>\n<meta property=\"og:site_name\" content=\"Vet Global\" \/>\n<meta name=\"twitter:card\" content=\"summary_large_image\" \/>\n<meta name=\"twitter:label1\" content=\"Tiempo de lectura\" \/>\n\t<meta name=\"twitter:data1\" content=\"5 minutos\" \/>\n<script type=\"application\/ld+json\" class=\"yoast-schema-graph\">{\"@context\":\"https:\\\/\\\/schema.org\",\"@graph\":[{\"@type\":\"WebPage\",\"@id\":\"https:\\\/\\\/vetglobalsolution.com\\\/es\\\/politica-privacidad\\\/\",\"url\":\"https:\\\/\\\/vetglobalsolution.com\\\/es\\\/politica-privacidad\\\/\",\"name\":\"Pol\u00edtica Privacidad - Vet Global\",\"isPartOf\":{\"@id\":\"https:\\\/\\\/vetglobalsolution.com\\\/#website\"},\"datePublished\":\"2019-10-28T10:06:53+00:00\",\"breadcrumb\":{\"@id\":\"https:\\\/\\\/vetglobalsolution.com\\\/es\\\/politica-privacidad\\\/#breadcrumb\"},\"inLanguage\":\"es\",\"potentialAction\":[{\"@type\":\"ReadAction\",\"target\":[\"https:\\\/\\\/vetglobalsolution.com\\\/es\\\/politica-privacidad\\\/\"]}]},{\"@type\":\"BreadcrumbList\",\"@id\":\"https:\\\/\\\/vetglobalsolution.com\\\/es\\\/politica-privacidad\\\/#breadcrumb\",\"itemListElement\":[{\"@type\":\"ListItem\",\"position\":1,\"name\":\"Portada\",\"item\":\"https:\\\/\\\/vetglobalsolution.com\\\/es\\\/\"},{\"@type\":\"ListItem\",\"position\":2,\"name\":\"Pol\u00edtica Privacidad\"}]},{\"@type\":\"WebSite\",\"@id\":\"https:\\\/\\\/vetglobalsolution.com\\\/#website\",\"url\":\"https:\\\/\\\/vetglobalsolution.com\\\/\",\"name\":\"Vet Global\",\"description\":\"\",\"publisher\":{\"@id\":\"https:\\\/\\\/vetglobalsolution.com\\\/#organization\"},\"potentialAction\":[{\"@type\":\"SearchAction\",\"target\":{\"@type\":\"EntryPoint\",\"urlTemplate\":\"https:\\\/\\\/vetglobalsolution.com\\\/?s={search_term_string}\"},\"query-input\":{\"@type\":\"PropertyValueSpecification\",\"valueRequired\":true,\"valueName\":\"search_term_string\"}}],\"inLanguage\":\"es\"},{\"@type\":\"Organization\",\"@id\":\"https:\\\/\\\/vetglobalsolution.com\\\/#organization\",\"name\":\"Vet Global\",\"url\":\"https:\\\/\\\/vetglobalsolution.com\\\/\",\"logo\":{\"@type\":\"ImageObject\",\"inLanguage\":\"es\",\"@id\":\"https:\\\/\\\/vetglobalsolution.com\\\/#\\\/schema\\\/logo\\\/image\\\/\",\"url\":\"https:\\\/\\\/vetglobalsolution.com\\\/wp-content\\\/uploads\\\/2019\\\/11\\\/vet-global-solution-logo-1.png\",\"contentUrl\":\"https:\\\/\\\/vetglobalsolution.com\\\/wp-content\\\/uploads\\\/2019\\\/11\\\/vet-global-solution-logo-1.png\",\"width\":241,\"height\":70,\"caption\":\"Vet Global\"},\"image\":{\"@id\":\"https:\\\/\\\/vetglobalsolution.com\\\/#\\\/schema\\\/logo\\\/image\\\/\"}}]}<\/script>\n<!-- \/ Yoast SEO plugin. -->","yoast_head_json":{"title":"Pol\u00edtica Privacidad - Vet Global","robots":{"index":"index","follow":"follow","max-snippet":"max-snippet:-1","max-image-preview":"max-image-preview:large","max-video-preview":"max-video-preview:-1"},"canonical":"https:\/\/vetglobalsolution.com\/es\/politica-privacidad\/","og_locale":"es_ES","og_type":"article","og_title":"Pol\u00edtica Privacidad - Vet Global","og_description":"[vc_row css_animation=\u00bb\u00bb row_type=\u00bbrow\u00bb use_row_as_full_screen_section=\u00bbno\u00bb type=\u00bbfull_width\u00bb angled_section=\u00bbno\u00bb text_align=\u00bbleft\u00bb background_image_as_pattern=\u00bbwithout_pattern\u00bb][vc_column][vc_column_text] POLITICA DE PRIVACIDAD &nbsp; En cumplimiento de lo establecido en la\u00a0Ley Org\u00e1nica 3\/2018\u00a0de Protecci\u00f3n de Datos Personales y Garant\u00eda de los Derechos...","og_url":"https:\/\/vetglobalsolution.com\/es\/politica-privacidad\/","og_site_name":"Vet Global","twitter_card":"summary_large_image","twitter_misc":{"Tiempo de lectura":"5 minutos"},"schema":{"@context":"https:\/\/schema.org","@graph":[{"@type":"WebPage","@id":"https:\/\/vetglobalsolution.com\/es\/politica-privacidad\/","url":"https:\/\/vetglobalsolution.com\/es\/politica-privacidad\/","name":"Pol\u00edtica Privacidad - Vet Global","isPartOf":{"@id":"https:\/\/vetglobalsolution.com\/#website"},"datePublished":"2019-10-28T10:06:53+00:00","breadcrumb":{"@id":"https:\/\/vetglobalsolution.com\/es\/politica-privacidad\/#breadcrumb"},"inLanguage":"es","potentialAction":[{"@type":"ReadAction","target":["https:\/\/vetglobalsolution.com\/es\/politica-privacidad\/"]}]},{"@type":"BreadcrumbList","@id":"https:\/\/vetglobalsolution.com\/es\/politica-privacidad\/#breadcrumb","itemListElement":[{"@type":"ListItem","position":1,"name":"Portada","item":"https:\/\/vetglobalsolution.com\/es\/"},{"@type":"ListItem","position":2,"name":"Pol\u00edtica Privacidad"}]},{"@type":"WebSite","@id":"https:\/\/vetglobalsolution.com\/#website","url":"https:\/\/vetglobalsolution.com\/","name":"Vet Global","description":"","publisher":{"@id":"https:\/\/vetglobalsolution.com\/#organization"},"potentialAction":[{"@type":"SearchAction","target":{"@type":"EntryPoint","urlTemplate":"https:\/\/vetglobalsolution.com\/?s={search_term_string}"},"query-input":{"@type":"PropertyValueSpecification","valueRequired":true,"valueName":"search_term_string"}}],"inLanguage":"es"},{"@type":"Organization","@id":"https:\/\/vetglobalsolution.com\/#organization","name":"Vet Global","url":"https:\/\/vetglobalsolution.com\/","logo":{"@type":"ImageObject","inLanguage":"es","@id":"https:\/\/vetglobalsolution.com\/#\/schema\/logo\/image\/","url":"https:\/\/vetglobalsolution.com\/wp-content\/uploads\/2019\/11\/vet-global-solution-logo-1.png","contentUrl":"https:\/\/vetglobalsolution.com\/wp-content\/uploads\/2019\/11\/vet-global-solution-logo-1.png","width":241,"height":70,"caption":"Vet Global"},"image":{"@id":"https:\/\/vetglobalsolution.com\/#\/schema\/logo\/image\/"}}]}},"_links":{"self":[{"href":"https:\/\/vetglobalsolution.com\/es\/wp-json\/wp\/v2\/pages\/1014","targetHints":{"allow":["GET"]}}],"collection":[{"href":"https:\/\/vetglobalsolution.com\/es\/wp-json\/wp\/v2\/pages"}],"about":[{"href":"https:\/\/vetglobalsolution.com\/es\/wp-json\/wp\/v2\/types\/page"}],"author":[{"embeddable":true,"href":"https:\/\/vetglobalsolution.com\/es\/wp-json\/wp\/v2\/users\/1"}],"replies":[{"embeddable":true,"href":"https:\/\/vetglobalsolution.com\/es\/wp-json\/wp\/v2\/comments?post=1014"}],"version-history":[{"count":1,"href":"https:\/\/vetglobalsolution.com\/es\/wp-json\/wp\/v2\/pages\/1014\/revisions"}],"predecessor-version":[{"id":1015,"href":"https:\/\/vetglobalsolution.com\/es\/wp-json\/wp\/v2\/pages\/1014\/revisions\/1015"}],"wp:attachment":[{"href":"https:\/\/vetglobalsolution.com\/es\/wp-json\/wp\/v2\/media?parent=1014"}],"curies":[{"name":"wp","href":"https:\/\/api.w.org\/{rel}","templated":true}]}}