{"id":1016,"date":"2019-10-28T11:08:38","date_gmt":"2019-10-28T10:08:38","guid":{"rendered":"https:\/\/vetglobalsolution.com\/?page_id=1016"},"modified":"2019-10-28T11:09:17","modified_gmt":"2019-10-28T10:09:17","slug":"politica-cookies","status":"publish","type":"page","link":"https:\/\/vetglobalsolution.com\/es\/politica-cookies\/","title":{"rendered":"Pol\u00edtica Cookies"},"content":{"rendered":"<div class=\"wpb-content-wrapper\"><p>[vc_row css_animation=\u00bb\u00bb row_type=\u00bbrow\u00bb use_row_as_full_screen_section=\u00bbno\u00bb type=\u00bbfull_width\u00bb angled_section=\u00bbno\u00bb text_align=\u00bbleft\u00bb background_image_as_pattern=\u00bbwithout_pattern\u00bb][vc_column][vc_column_text]<\/p>\n<p>&nbsp;<\/p>\n<p>Pol\u00edtica de cookies de vetglobalsolution.com<br \/>\nEsta es la pol\u00edtica de cookies de vetglobalsolution.com, accesible desde vetglobalsolution.com.<\/p>\n<p>&nbsp;<\/p>\n<p>\u00bfQu\u00e9 son las cookies?<\/p>\n<p>Como es pr\u00e1ctica com\u00fan en casi todos los sitios web profesionales, este sitio utiliza cookies, que son peque\u00f1os archivos que se descargan en su ordenador, para mejorar su experiencia. Esta p\u00e1gina describe qu\u00e9 informaci\u00f3n recopilan, c\u00f3mo la utilizamos y por qu\u00e9 a veces necesitamos almacenar estas cookies. Tambi\u00e9n compartiremos c\u00f3mo puede evitar que estas cookies se almacenen, sin embargo, esto puede reducir o \u00abromper\u00bb ciertos elementos de la funcionalidad del sitio.<\/p>\n<p>Para obtener m\u00e1s informaci\u00f3n general sobre las cookies, consulte el art\u00edculo de Wikipedia sobre Cookies HTTP.<\/p>\n<p>&nbsp;<\/p>\n<p>C\u00f3mo utilizamos las cookies<\/p>\n<p>Utilizamos cookies por una variedad de razones que se detallan a continuaci\u00f3n. Desafortunadamente, en la mayor\u00eda de los casos no hay opciones est\u00e1ndar de la industria para deshabilitar las cookies sin deshabilitar completamente la funcionalidad y caracter\u00edsticas que agregan a este sitio. Se recomienda que deje en todas las cookies si no est\u00e1 seguro de si las necesita o no en caso de que se utilicen para proporcionar un servicio que usted utiliza.<\/p>\n<p>&nbsp;<\/p>\n<p>Desactivaci\u00f3n de cookies<\/p>\n<p>Puede evitar la instalaci\u00f3n de cookies ajustando la configuraci\u00f3n de su navegador (consulte la Ayuda de su navegador para saber c\u00f3mo hacerlo). Tenga en cuenta que la desactivaci\u00f3n de las cookies afectar\u00e1 a la funcionalidad de \u00e9ste y de muchos otros sitios web que visite. La desactivaci\u00f3n de las cookies suele tener como consecuencia tambi\u00e9n la desactivaci\u00f3n de determinadas funciones y caracter\u00edsticas de este sitio. Por lo tanto, se recomienda que no deshabilite las cookies.<\/p>\n<p>Las galletas que colocamos<\/p>\n<p>Cookies relacionadas con los formularios<br \/>\nCuando usted env\u00eda datos a trav\u00e9s de un formulario, como los que se encuentran en las p\u00e1ginas de contacto o en los formularios de comentarios, es posible que se establezcan cookies para recordar sus datos de usuario para futuras comunicaciones.<\/p>\n<p>&nbsp;<\/p>\n<p>Cookies de terceros<\/p>\n<p>En algunos casos especiales tambi\u00e9n utilizamos cookies proporcionadas por terceros de confianza. La siguiente secci\u00f3n detalla qu\u00e9 cookies de terceros puede encontrar a trav\u00e9s de este sitio.<\/p>\n<p>Este sitio utiliza Google Analytics, que es una de las soluciones anal\u00edticas m\u00e1s difundidas y fiables de la web, para ayudarnos a comprender c\u00f3mo utiliza el sitio y las formas en que podemos mejorar su experiencia. Estas cookies pueden rastrear cosas como el tiempo que usted pasa en el sitio y las p\u00e1ginas que visita para que podamos seguir produciendo contenido atractivo.<\/p>\n<p>Para obtener m\u00e1s informaci\u00f3n sobre las cookies de Google Analytics, consulte la p\u00e1gina oficial de Google Analytics.<\/p>\n<p>[\/vc_column_text][vc_empty_space][\/vc_column][\/vc_row]<\/p>\n<\/div>","protected":false},"excerpt":{"rendered":"<p>[vc_row css_animation=\u00bb\u00bb row_type=\u00bbrow\u00bb use_row_as_full_screen_section=\u00bbno\u00bb type=\u00bbfull_width\u00bb angled_section=\u00bbno\u00bb text_align=\u00bbleft\u00bb background_image_as_pattern=\u00bbwithout_pattern\u00bb][vc_column][vc_column_text] &nbsp; Pol\u00edtica de cookies de vetglobalsolution.com Esta es la pol\u00edtica de cookies de vetglobalsolution.com, accesible desde vetglobalsolution.com. &nbsp; \u00bfQu\u00e9 son las cookies?&#8230;<\/p>\n","protected":false},"author":1,"featured_media":0,"parent":0,"menu_order":0,"comment_status":"closed","ping_status":"closed","template":"","meta":{"footnotes":""},"class_list":["post-1016","page","type-page","status-publish","hentry"],"yoast_head":"<!-- This site is optimized with the Yoast SEO plugin v27.4 - https:\/\/yoast.com\/product\/yoast-seo-wordpress\/ -->\n<title>Pol\u00edtica Cookies - Vet Global<\/title>\n<meta name=\"robots\" content=\"index, follow, max-snippet:-1, max-image-preview:large, max-video-preview:-1\" \/>\n<link rel=\"canonical\" href=\"https:\/\/vetglobalsolution.com\/es\/politica-cookies\/\" \/>\n<meta property=\"og:locale\" content=\"es_ES\" \/>\n<meta property=\"og:type\" content=\"article\" \/>\n<meta property=\"og:title\" content=\"Pol\u00edtica Cookies - Vet Global\" \/>\n<meta property=\"og:description\" content=\"[vc_row css_animation=\u00bb\u00bb row_type=\u00bbrow\u00bb use_row_as_full_screen_section=\u00bbno\u00bb type=\u00bbfull_width\u00bb angled_section=\u00bbno\u00bb text_align=\u00bbleft\u00bb background_image_as_pattern=\u00bbwithout_pattern\u00bb][vc_column][vc_column_text] &nbsp; Pol\u00edtica de cookies de vetglobalsolution.com Esta es la pol\u00edtica de cookies de vetglobalsolution.com, accesible desde vetglobalsolution.com. &nbsp; \u00bfQu\u00e9 son las cookies?...\" \/>\n<meta property=\"og:url\" content=\"https:\/\/vetglobalsolution.com\/es\/politica-cookies\/\" \/>\n<meta property=\"og:site_name\" content=\"Vet Global\" \/>\n<meta property=\"article:modified_time\" content=\"2019-10-28T10:09:17+00:00\" \/>\n<meta name=\"twitter:card\" content=\"summary_large_image\" \/>\n<meta name=\"twitter:label1\" content=\"Tiempo de lectura\" \/>\n\t<meta name=\"twitter:data1\" content=\"3 minutos\" \/>\n<script type=\"application\/ld+json\" class=\"yoast-schema-graph\">{\"@context\":\"https:\\\/\\\/schema.org\",\"@graph\":[{\"@type\":\"WebPage\",\"@id\":\"https:\\\/\\\/vetglobalsolution.com\\\/es\\\/politica-cookies\\\/\",\"url\":\"https:\\\/\\\/vetglobalsolution.com\\\/es\\\/politica-cookies\\\/\",\"name\":\"Pol\u00edtica Cookies - Vet Global\",\"isPartOf\":{\"@id\":\"https:\\\/\\\/vetglobalsolution.com\\\/#website\"},\"datePublished\":\"2019-10-28T10:08:38+00:00\",\"dateModified\":\"2019-10-28T10:09:17+00:00\",\"breadcrumb\":{\"@id\":\"https:\\\/\\\/vetglobalsolution.com\\\/es\\\/politica-cookies\\\/#breadcrumb\"},\"inLanguage\":\"es\",\"potentialAction\":[{\"@type\":\"ReadAction\",\"target\":[\"https:\\\/\\\/vetglobalsolution.com\\\/es\\\/politica-cookies\\\/\"]}]},{\"@type\":\"BreadcrumbList\",\"@id\":\"https:\\\/\\\/vetglobalsolution.com\\\/es\\\/politica-cookies\\\/#breadcrumb\",\"itemListElement\":[{\"@type\":\"ListItem\",\"position\":1,\"name\":\"Portada\",\"item\":\"https:\\\/\\\/vetglobalsolution.com\\\/es\\\/\"},{\"@type\":\"ListItem\",\"position\":2,\"name\":\"Pol\u00edtica Cookies\"}]},{\"@type\":\"WebSite\",\"@id\":\"https:\\\/\\\/vetglobalsolution.com\\\/#website\",\"url\":\"https:\\\/\\\/vetglobalsolution.com\\\/\",\"name\":\"Vet Global\",\"description\":\"\",\"publisher\":{\"@id\":\"https:\\\/\\\/vetglobalsolution.com\\\/#organization\"},\"potentialAction\":[{\"@type\":\"SearchAction\",\"target\":{\"@type\":\"EntryPoint\",\"urlTemplate\":\"https:\\\/\\\/vetglobalsolution.com\\\/?s={search_term_string}\"},\"query-input\":{\"@type\":\"PropertyValueSpecification\",\"valueRequired\":true,\"valueName\":\"search_term_string\"}}],\"inLanguage\":\"es\"},{\"@type\":\"Organization\",\"@id\":\"https:\\\/\\\/vetglobalsolution.com\\\/#organization\",\"name\":\"Vet Global\",\"url\":\"https:\\\/\\\/vetglobalsolution.com\\\/\",\"logo\":{\"@type\":\"ImageObject\",\"inLanguage\":\"es\",\"@id\":\"https:\\\/\\\/vetglobalsolution.com\\\/#\\\/schema\\\/logo\\\/image\\\/\",\"url\":\"https:\\\/\\\/vetglobalsolution.com\\\/wp-content\\\/uploads\\\/2019\\\/11\\\/vet-global-solution-logo-1.png\",\"contentUrl\":\"https:\\\/\\\/vetglobalsolution.com\\\/wp-content\\\/uploads\\\/2019\\\/11\\\/vet-global-solution-logo-1.png\",\"width\":241,\"height\":70,\"caption\":\"Vet Global\"},\"image\":{\"@id\":\"https:\\\/\\\/vetglobalsolution.com\\\/#\\\/schema\\\/logo\\\/image\\\/\"}}]}<\/script>\n<!-- \/ Yoast SEO plugin. -->","yoast_head_json":{"title":"Pol\u00edtica Cookies - Vet Global","robots":{"index":"index","follow":"follow","max-snippet":"max-snippet:-1","max-image-preview":"max-image-preview:large","max-video-preview":"max-video-preview:-1"},"canonical":"https:\/\/vetglobalsolution.com\/es\/politica-cookies\/","og_locale":"es_ES","og_type":"article","og_title":"Pol\u00edtica Cookies - Vet Global","og_description":"[vc_row css_animation=\u00bb\u00bb row_type=\u00bbrow\u00bb use_row_as_full_screen_section=\u00bbno\u00bb type=\u00bbfull_width\u00bb angled_section=\u00bbno\u00bb text_align=\u00bbleft\u00bb background_image_as_pattern=\u00bbwithout_pattern\u00bb][vc_column][vc_column_text] &nbsp; Pol\u00edtica de cookies de vetglobalsolution.com Esta es la pol\u00edtica de cookies de vetglobalsolution.com, accesible desde vetglobalsolution.com. &nbsp; \u00bfQu\u00e9 son las cookies?...","og_url":"https:\/\/vetglobalsolution.com\/es\/politica-cookies\/","og_site_name":"Vet Global","article_modified_time":"2019-10-28T10:09:17+00:00","twitter_card":"summary_large_image","twitter_misc":{"Tiempo de lectura":"3 minutos"},"schema":{"@context":"https:\/\/schema.org","@graph":[{"@type":"WebPage","@id":"https:\/\/vetglobalsolution.com\/es\/politica-cookies\/","url":"https:\/\/vetglobalsolution.com\/es\/politica-cookies\/","name":"Pol\u00edtica Cookies - Vet Global","isPartOf":{"@id":"https:\/\/vetglobalsolution.com\/#website"},"datePublished":"2019-10-28T10:08:38+00:00","dateModified":"2019-10-28T10:09:17+00:00","breadcrumb":{"@id":"https:\/\/vetglobalsolution.com\/es\/politica-cookies\/#breadcrumb"},"inLanguage":"es","potentialAction":[{"@type":"ReadAction","target":["https:\/\/vetglobalsolution.com\/es\/politica-cookies\/"]}]},{"@type":"BreadcrumbList","@id":"https:\/\/vetglobalsolution.com\/es\/politica-cookies\/#breadcrumb","itemListElement":[{"@type":"ListItem","position":1,"name":"Portada","item":"https:\/\/vetglobalsolution.com\/es\/"},{"@type":"ListItem","position":2,"name":"Pol\u00edtica Cookies"}]},{"@type":"WebSite","@id":"https:\/\/vetglobalsolution.com\/#website","url":"https:\/\/vetglobalsolution.com\/","name":"Vet Global","description":"","publisher":{"@id":"https:\/\/vetglobalsolution.com\/#organization"},"potentialAction":[{"@type":"SearchAction","target":{"@type":"EntryPoint","urlTemplate":"https:\/\/vetglobalsolution.com\/?s={search_term_string}"},"query-input":{"@type":"PropertyValueSpecification","valueRequired":true,"valueName":"search_term_string"}}],"inLanguage":"es"},{"@type":"Organization","@id":"https:\/\/vetglobalsolution.com\/#organization","name":"Vet Global","url":"https:\/\/vetglobalsolution.com\/","logo":{"@type":"ImageObject","inLanguage":"es","@id":"https:\/\/vetglobalsolution.com\/#\/schema\/logo\/image\/","url":"https:\/\/vetglobalsolution.com\/wp-content\/uploads\/2019\/11\/vet-global-solution-logo-1.png","contentUrl":"https:\/\/vetglobalsolution.com\/wp-content\/uploads\/2019\/11\/vet-global-solution-logo-1.png","width":241,"height":70,"caption":"Vet Global"},"image":{"@id":"https:\/\/vetglobalsolution.com\/#\/schema\/logo\/image\/"}}]}},"_links":{"self":[{"href":"https:\/\/vetglobalsolution.com\/es\/wp-json\/wp\/v2\/pages\/1016","targetHints":{"allow":["GET"]}}],"collection":[{"href":"https:\/\/vetglobalsolution.com\/es\/wp-json\/wp\/v2\/pages"}],"about":[{"href":"https:\/\/vetglobalsolution.com\/es\/wp-json\/wp\/v2\/types\/page"}],"author":[{"embeddable":true,"href":"https:\/\/vetglobalsolution.com\/es\/wp-json\/wp\/v2\/users\/1"}],"replies":[{"embeddable":true,"href":"https:\/\/vetglobalsolution.com\/es\/wp-json\/wp\/v2\/comments?post=1016"}],"version-history":[{"count":2,"href":"https:\/\/vetglobalsolution.com\/es\/wp-json\/wp\/v2\/pages\/1016\/revisions"}],"predecessor-version":[{"id":1018,"href":"https:\/\/vetglobalsolution.com\/es\/wp-json\/wp\/v2\/pages\/1016\/revisions\/1018"}],"wp:attachment":[{"href":"https:\/\/vetglobalsolution.com\/es\/wp-json\/wp\/v2\/media?parent=1016"}],"curies":[{"name":"wp","href":"https:\/\/api.w.org\/{rel}","templated":true}]}}